{"id":1832,"date":"2018-05-17T15:44:10","date_gmt":"2018-05-17T13:44:10","guid":{"rendered":"http:\/\/185.13.37.124\/?page_id=1832"},"modified":"2024-06-12T17:14:15","modified_gmt":"2024-06-12T15:14:15","slug":"a-propos","status":"publish","type":"page","link":"http:\/\/lamarnaise-moretti.fr\/?page_id=1832","title":{"rendered":"A propos"},"content":{"rendered":"<p>[vc_row][vc_column][vc_column_text]<\/p>\n<h6><\/h6>\n<h6><\/h6>\n<h6><\/h6>\n<h6><\/h6>\n<p>&nbsp;<\/p>\n<p>&nbsp;<\/p>\n<p>&nbsp;<\/p>\n<p>&nbsp;<\/p>\n<p>&nbsp;<\/p>\n<h6 style=\"text-align: center;\"><strong>Notre groupe familial cr\u00e9\u00e9 en 1932\u00a0est compos\u00e9 majoritairement de 3 soci\u00e9t\u00e9s intervenant dans le domaine de la construction :<\/strong><\/h6>\n<p>[\/vc_column_text][vc_row_inner][vc_column_inner width=\u00a0\u00bb1\/3&Prime;][vc_column_text]<strong>La soci\u00e9t\u00e9 LA MARNAISE<\/strong> bas\u00e9e \u00e0 ce jour \u00e0 SAINT-MARTIN-SUR-LE-PRE et\u00a0<em>VITRY LE FRANCOIS<\/em>\u00a0est ax\u00e9e sur le gros-\u0153uvre du b\u00e2timent (logements collectifs, b\u00e2timents industriels\u2026), le g\u00e9nie-civil (silos, sucreries, usines de d\u00e9shydratation\u2026.), et les travaux publics.<\/p>\n<p>Elle emploie une centaine de personnes (hors int\u00e9rim) pour un chiffre d\u2019affaires moyen de 12 Millions d&rsquo;\u20acuros.[\/vc_column_text][\/vc_column_inner][vc_column_inner width=\u00a0\u00bb1\/3&Prime;][vc_column_text]<strong>La soci\u00e9t\u00e9 MORETTI<\/strong> bas\u00e9e \u00e0 ce jour \u00e0 <em>VITRY LE FRANCOIS<\/em>\u00a0est ax\u00e9e sur la menuiserie bois et aluminium, la serrurerie et les cl\u00f4tures diverses.<\/p>\n<p>Elle emploie une vingtaine de salari\u00e9s (hors int\u00e9rim) pour un chiffre d\u2019affaires pr\u00e8s de 2M \u20ac HT.[\/vc_column_text][\/vc_column_inner][vc_column_inner width=\u00a0\u00bb1\/3&Prime;][vc_column_text]<strong>La soci\u00e9t\u00e9 SBB<\/strong> bas\u00e9e \u00e0 <em>SAINT-DIZIER<\/em> sp\u00e9cialis\u00e9e dans la production de b\u00e9ton pr\u00eat \u00e0 l\u2019emploi.[\/vc_column_text][\/vc_column_inner][\/vc_row_inner][vc_separator][vc_column_text]<strong>Notre groupe poss\u00e8de ainsi une force industrielle importante compos\u00e9e en outre de\u00a0:<\/strong><\/p>\n<p>&#8211; 2 centrales \u00e0 b\u00e9ton certifi\u00e9es NF (cf. photos).<\/p>\n<p>&#8211; Un atelier de pr\u00e9fabrication et de ferraillage (cf. photos).<\/p>\n<p>&#8211; Plusieurs sites de carri\u00e8res de production de mat\u00e9riaux alluvionnaires (cf. photos).<\/p>\n<p>&#8211; Divers engins ou mat\u00e9riels adapt\u00e9s \u00e0 nos diff\u00e9rents chantiers (grue \u00e0 tour, grues mobiles, pelles m\u00e9caniques, \u00a0\u00a0 camions semi-remorque, et de chantier\u2026) (cf. photos).[\/vc_column_text][vc_column_text][vc_row][vc_column width=\u00a0\u00bb1\/1&Prime;][vc_column_text]<strong>Nos clients les plus importants sont\u00a0:<\/strong><\/p>\n<p>&#8211; Les grands industriels agroalimentaires (Vivescia, T\u00e9r\u00e9os, Sundeshy, Luz\u00e9al, Prodeva&#8230;) ou manufacturiers r\u00e9gionaux.<\/p>\n<p>&#8211; Les divers bailleurs sociaux (La Renaissance Immobili\u00e8re Chalonnaise, Plurial Novilia, Chalons Habitat, Le Foyer R\u00e9mois\u2026).<\/p>\n<p>&#8211; L&rsquo;Etat et les diverses collectivit\u00e9s locales (Arm\u00e9e, Communes, Communaut\u00e9 de Communes, D\u00e9partement\u2026).[\/vc_column_text][vc_row_inner][\/vc_row_inner][vc_column_inner width=\u00a0\u00bb2\/3&Prime;][\/vc_column_inner][\/vc_column][\/vc_row]<\/p>\n","protected":false},"excerpt":{"rendered":"<p>[vc_row][vc_column][vc_column_text] &nbsp; &nbsp; &nbsp; &nbsp; &nbsp; Notre groupe familial cr\u00e9\u00e9 en 1932\u00a0est compos\u00e9 majoritairement de 3 soci\u00e9t\u00e9s intervenant dans le domaine de la construction : [\/vc_column_text][vc_row_inner][vc_column_inner width=\u00a0\u00bb1\/3&Prime;][vc_column_text]La soci\u00e9t\u00e9 LA MARNAISE bas\u00e9e \u00e0 ce jour \u00e0 SAINT-MARTIN-SUR-LE-PRE et\u00a0VITRY LE FRANCOIS\u00a0est ax\u00e9e sur le gros-\u0153uvre du b\u00e2timent (logements collectifs, b\u00e2timents industriels\u2026), le g\u00e9nie-civil (silos, sucreries, usines de [&hellip;]<\/p>\n","protected":false},"author":1,"featured_media":0,"parent":0,"menu_order":0,"comment_status":"closed","ping_status":"closed","template":"","meta":{"footnotes":""},"class_list":["post-1832","page","type-page","status-publish","hentry","odd"],"_links":{"self":[{"href":"http:\/\/lamarnaise-moretti.fr\/index.php?rest_route=\/wp\/v2\/pages\/1832","targetHints":{"allow":["GET"]}}],"collection":[{"href":"http:\/\/lamarnaise-moretti.fr\/index.php?rest_route=\/wp\/v2\/pages"}],"about":[{"href":"http:\/\/lamarnaise-moretti.fr\/index.php?rest_route=\/wp\/v2\/types\/page"}],"author":[{"embeddable":true,"href":"http:\/\/lamarnaise-moretti.fr\/index.php?rest_route=\/wp\/v2\/users\/1"}],"replies":[{"embeddable":true,"href":"http:\/\/lamarnaise-moretti.fr\/index.php?rest_route=%2Fwp%2Fv2%2Fcomments&post=1832"}],"version-history":[{"count":22,"href":"http:\/\/lamarnaise-moretti.fr\/index.php?rest_route=\/wp\/v2\/pages\/1832\/revisions"}],"predecessor-version":[{"id":2199,"href":"http:\/\/lamarnaise-moretti.fr\/index.php?rest_route=\/wp\/v2\/pages\/1832\/revisions\/2199"}],"wp:attachment":[{"href":"http:\/\/lamarnaise-moretti.fr\/index.php?rest_route=%2Fwp%2Fv2%2Fmedia&parent=1832"}],"curies":[{"name":"wp","href":"https:\/\/api.w.org\/{rel}","templated":true}]}}