{"id":1724,"date":"2018-03-05T08:36:47","date_gmt":"2018-03-05T07:36:47","guid":{"rendered":"http:\/\/185.13.37.124\/?page_id=1724"},"modified":"2024-06-12T16:50:31","modified_gmt":"2024-06-12T14:50:31","slug":"usine-de-prefabrication","status":"publish","type":"page","link":"https:\/\/lamarnaise-moretti.fr\/?page_id=1724","title":{"rendered":"Usine de pr\u00e9fabrication"},"content":{"rendered":"<p>[vc_row][vc_column][vc_single_image image=\u00a0\u00bb1765&Prime; img_size=\u00a0\u00bbfull\u00a0\u00bb][vc_text_separator title=\u00a0\u00bbUsine de pr\u00e9fabrication de produits b\u00e9ton \u00e0 Vitry Le Francois\u00a0\u00bb][\/vc_column][\/vc_row][vc_row][vc_column width=\u00a0\u00bb1\/3&Prime;][vc_column_text]<b>Moyens techniques<\/b><\/p>\n<ul>\n<li style=\"font-weight: 400;\"><span style=\"font-weight: 400;\">Un terrain de 5 hectares<\/span><\/li>\n<li style=\"font-weight: 400;\"><span style=\"font-weight: 400;\">Une centrale \u00e0 b\u00e9ton Liebherr g\u00e9r\u00e9e par un automate et certifi\u00e9e NF EN206<\/span><\/li>\n<li style=\"font-weight: 400;\"><span style=\"font-weight: 400;\">Un b\u00e2timent de 2500 m\u00b2<\/span><\/li>\n<li style=\"font-weight: 400;\"><span style=\"font-weight: 400;\">Deux ponts roulants 6.3 tonnes et 10 tonnes<\/span><\/li>\n<li style=\"font-weight: 400;\"><span style=\"font-weight: 400;\">200 m\u00b2 de tables coffrantes m\u00e9talliques relevables<\/span><\/li>\n<li style=\"font-weight: 400;\"><span style=\"font-weight: 400;\">Divers moules pour \u00e9l\u00e9ments complexes : poutres, longrines, poteaux, murs de sout\u00e8nement,&#8230;<\/span><\/li>\n<li style=\"font-weight: 400;\"><span style=\"font-weight: 400;\">Une unit\u00e9 de pr\u00e9fabrication d&rsquo;armatures avec un banc de coupe et une cadreuse automatis\u00e9s<\/span><\/li>\n<li style=\"font-weight: 400;\"><span style=\"font-weight: 400;\">Un laboratoire d&rsquo;analyse et d&rsquo;essais b\u00e9ton<\/span><\/li>\n<\/ul>\n<p>[\/vc_column_text][\/vc_column][vc_column width=\u00a0\u00bb1\/3&Prime;][\/vc_column][vc_column width=\u00a0\u00bb1\/3&Prime;][vc_column_text]<b>Tous types de pr\u00e9fabrications possibles selon vos demandes :<\/b><\/p>\n<ul>\n<li style=\"font-weight: 400;\"><span style=\"font-weight: 400;\">Ouvrage d&rsquo;art : corniches, murs bahuts, chev\u00eatres, dalles&#8230;<\/span><\/li>\n<li style=\"font-weight: 400;\">B\u00e2timents : poteaux, poutres, balcons, acrot\u00e8res&#8230;<\/li>\n<li style=\"font-weight: 400;\"><span style=\"font-weight: 400;\">G\u00e9nie-Civil : longrines, panneaux divers, quais&#8230;<\/span><\/li>\n<li style=\"font-weight: 400;\"><span style=\"font-weight: 400;\">Divers : moines, ouvrages de rejet, cadres, p\u00e9diluves, bancs, murs poids, jardini\u00e8res&#8230;<\/span><\/li>\n<\/ul>\n<p><strong>Livraisons dans le Grand Est et la r\u00e9gion parisienne<\/strong>[\/vc_column_text][\/vc_column][\/vc_row][vc_row][vc_column][\/vc_column][\/vc_row][vc_row][vc_column][vc_column_text]<\/p>\n\n\n<figure class=\"wp-block-gallery has-nested-images columns-default is-cropped wp-block-gallery-1 is-layout-flex wp-block-gallery-is-layout-flex\">\n<figure class=\"wp-block-image size-large\"><img loading=\"lazy\" decoding=\"async\" width=\"1920\" height=\"2560\" data-id=\"2151\" src=\"http:\/\/lamarnaise-moretti.fr\/wp-content\/uploads\/2023\/06\/Armatures-1-scaled.jpg\" alt=\"\" class=\"wp-image-2151\" srcset=\"https:\/\/lamarnaise-moretti.fr\/wp-content\/uploads\/2023\/06\/Armatures-1-scaled.jpg 1920w, https:\/\/lamarnaise-moretti.fr\/wp-content\/uploads\/2023\/06\/Armatures-1-225x300.jpg 225w, https:\/\/lamarnaise-moretti.fr\/wp-content\/uploads\/2023\/06\/Armatures-1-768x1024.jpg 768w, https:\/\/lamarnaise-moretti.fr\/wp-content\/uploads\/2023\/06\/Armatures-1-1152x1536.jpg 1152w, https:\/\/lamarnaise-moretti.fr\/wp-content\/uploads\/2023\/06\/Armatures-1-1536x2048.jpg 1536w\" sizes=\"auto, (max-width: 1920px) 100vw, 1920px\" \/><figcaption>Armatures coup\u00e9es, fa\u00e7onn\u00e9es et assembl\u00e9es<\/figcaption><\/figure>\n\n\n\n<figure class=\"wp-block-image size-large\"><img loading=\"lazy\" decoding=\"async\" width=\"1928\" height=\"2560\" data-id=\"2136\" src=\"http:\/\/lamarnaise-moretti.fr\/wp-content\/uploads\/2022\/12\/PXL_20221013_125156991-scaled.jpg\" alt=\"\" class=\"wp-image-2136\" srcset=\"https:\/\/lamarnaise-moretti.fr\/wp-content\/uploads\/2022\/12\/PXL_20221013_125156991-scaled.jpg 1928w, https:\/\/lamarnaise-moretti.fr\/wp-content\/uploads\/2022\/12\/PXL_20221013_125156991-226x300.jpg 226w, https:\/\/lamarnaise-moretti.fr\/wp-content\/uploads\/2022\/12\/PXL_20221013_125156991-771x1024.jpg 771w, https:\/\/lamarnaise-moretti.fr\/wp-content\/uploads\/2022\/12\/PXL_20221013_125156991-768x1020.jpg 768w, https:\/\/lamarnaise-moretti.fr\/wp-content\/uploads\/2022\/12\/PXL_20221013_125156991-1157x1536.jpg 1157w, https:\/\/lamarnaise-moretti.fr\/wp-content\/uploads\/2022\/12\/PXL_20221013_125156991-1542x2048.jpg 1542w\" sizes=\"auto, (max-width: 1928px) 100vw, 1928px\" \/><figcaption>Dalles de tablier &#8211; ouvrage \u00e0 Witry Les Reims<\/figcaption><\/figure>\n\n\n\n<figure class=\"wp-block-image size-large\"><img loading=\"lazy\" decoding=\"async\" width=\"2560\" height=\"1920\" data-id=\"2178\" src=\"http:\/\/lamarnaise-moretti.fr\/wp-content\/uploads\/2023\/06\/IMG_4033-scaled.jpg\" alt=\"\" class=\"wp-image-2178\" srcset=\"https:\/\/lamarnaise-moretti.fr\/wp-content\/uploads\/2023\/06\/IMG_4033-scaled.jpg 2560w, https:\/\/lamarnaise-moretti.fr\/wp-content\/uploads\/2023\/06\/IMG_4033-300x225.jpg 300w, https:\/\/lamarnaise-moretti.fr\/wp-content\/uploads\/2023\/06\/IMG_4033-1024x768.jpg 1024w, https:\/\/lamarnaise-moretti.fr\/wp-content\/uploads\/2023\/06\/IMG_4033-768x576.jpg 768w, https:\/\/lamarnaise-moretti.fr\/wp-content\/uploads\/2023\/06\/IMG_4033-1536x1152.jpg 1536w, https:\/\/lamarnaise-moretti.fr\/wp-content\/uploads\/2023\/06\/IMG_4033-2048x1536.jpg 2048w\" sizes=\"auto, (max-width: 2560px) 100vw, 2560px\" \/><figcaption>Poutres pr\u00e9fabriqu\u00e9es<\/figcaption><\/figure>\n\n\n\n<figure class=\"wp-block-image size-large\"><img loading=\"lazy\" decoding=\"async\" width=\"2560\" height=\"1920\" data-id=\"2175\" src=\"http:\/\/lamarnaise-moretti.fr\/wp-content\/uploads\/2023\/06\/IMG_3464-scaled.jpg\" alt=\"\" class=\"wp-image-2175\" srcset=\"https:\/\/lamarnaise-moretti.fr\/wp-content\/uploads\/2023\/06\/IMG_3464-scaled.jpg 2560w, https:\/\/lamarnaise-moretti.fr\/wp-content\/uploads\/2023\/06\/IMG_3464-300x225.jpg 300w, https:\/\/lamarnaise-moretti.fr\/wp-content\/uploads\/2023\/06\/IMG_3464-1024x768.jpg 1024w, https:\/\/lamarnaise-moretti.fr\/wp-content\/uploads\/2023\/06\/IMG_3464-768x576.jpg 768w, https:\/\/lamarnaise-moretti.fr\/wp-content\/uploads\/2023\/06\/IMG_3464-1536x1152.jpg 1536w, https:\/\/lamarnaise-moretti.fr\/wp-content\/uploads\/2023\/06\/IMG_3464-2048x1536.jpg 2048w\" sizes=\"auto, (max-width: 2560px) 100vw, 2560px\" \/><figcaption>Blocs type LEGO 80x80x160 et 60x60x150<\/figcaption><\/figure>\n\n\n\n<figure class=\"wp-block-image size-large\"><img loading=\"lazy\" decoding=\"async\" width=\"1024\" height=\"768\" data-id=\"2191\" src=\"https:\/\/lamarnaise-moretti.fr\/wp-content\/uploads\/2024\/06\/puisard-2000-1024x768.jpg\" alt=\"\" class=\"wp-image-2191\" srcset=\"https:\/\/lamarnaise-moretti.fr\/wp-content\/uploads\/2024\/06\/puisard-2000-1024x768.jpg 1024w, https:\/\/lamarnaise-moretti.fr\/wp-content\/uploads\/2024\/06\/puisard-2000-300x225.jpg 300w, https:\/\/lamarnaise-moretti.fr\/wp-content\/uploads\/2024\/06\/puisard-2000-768x576.jpg 768w, https:\/\/lamarnaise-moretti.fr\/wp-content\/uploads\/2024\/06\/puisard-2000-1536x1152.jpg 1536w, https:\/\/lamarnaise-moretti.fr\/wp-content\/uploads\/2024\/06\/puisard-2000-2048x1536.jpg 2048w\" sizes=\"auto, (max-width: 1024px) 100vw, 1024px\" \/><figcaption>Puisard \u00d82000 &#8211; hauteur 1.00m<\/figcaption><\/figure>\n\n\n\n<figure class=\"wp-block-image size-large\"><img loading=\"lazy\" decoding=\"async\" width=\"1024\" height=\"768\" data-id=\"2190\" src=\"https:\/\/lamarnaise-moretti.fr\/wp-content\/uploads\/2024\/06\/dalle-puisard-2000-1024x768.jpg\" alt=\"\" class=\"wp-image-2190\" srcset=\"https:\/\/lamarnaise-moretti.fr\/wp-content\/uploads\/2024\/06\/dalle-puisard-2000-1024x768.jpg 1024w, https:\/\/lamarnaise-moretti.fr\/wp-content\/uploads\/2024\/06\/dalle-puisard-2000-300x225.jpg 300w, https:\/\/lamarnaise-moretti.fr\/wp-content\/uploads\/2024\/06\/dalle-puisard-2000-768x576.jpg 768w, https:\/\/lamarnaise-moretti.fr\/wp-content\/uploads\/2024\/06\/dalle-puisard-2000-1536x1152.jpg 1536w, https:\/\/lamarnaise-moretti.fr\/wp-content\/uploads\/2024\/06\/dalle-puisard-2000-2048x1536.jpg 2048w\" sizes=\"auto, (max-width: 1024px) 100vw, 1024px\" \/><figcaption>Dalle lourde de puisard \u00d82000 &#8211; \u00e9paisseur 0.30m<\/figcaption><\/figure>\n\n\n\n<figure class=\"wp-block-image size-large\"><img loading=\"lazy\" decoding=\"async\" width=\"1024\" height=\"768\" data-id=\"2186\" src=\"https:\/\/lamarnaise-moretti.fr\/wp-content\/uploads\/2023\/06\/IMG_0104-1024x768.jpg\" alt=\"\" class=\"wp-image-2186\" srcset=\"https:\/\/lamarnaise-moretti.fr\/wp-content\/uploads\/2023\/06\/IMG_0104-1024x768.jpg 1024w, https:\/\/lamarnaise-moretti.fr\/wp-content\/uploads\/2023\/06\/IMG_0104-300x225.jpg 300w, https:\/\/lamarnaise-moretti.fr\/wp-content\/uploads\/2023\/06\/IMG_0104-768x576.jpg 768w, https:\/\/lamarnaise-moretti.fr\/wp-content\/uploads\/2023\/06\/IMG_0104-1536x1152.jpg 1536w, https:\/\/lamarnaise-moretti.fr\/wp-content\/uploads\/2023\/06\/IMG_0104-2048x1536.jpg 2048w\" sizes=\"auto, (max-width: 1024px) 100vw, 1024px\" \/><figcaption>Armatures pour g\u00e9nie civil \u00e0 Vatry<\/figcaption><\/figure>\n\n\n\n<figure class=\"wp-block-image size-large\"><img loading=\"lazy\" decoding=\"async\" width=\"1214\" height=\"910\" data-id=\"1752\" src=\"http:\/\/lamarnaise-moretti.fr\/wp-content\/uploads\/2018\/04\/image14.jpg\" alt=\"\" class=\"wp-image-1752\" srcset=\"https:\/\/lamarnaise-moretti.fr\/wp-content\/uploads\/2018\/04\/image14.jpg 1214w, https:\/\/lamarnaise-moretti.fr\/wp-content\/uploads\/2018\/04\/image14-300x225.jpg 300w, https:\/\/lamarnaise-moretti.fr\/wp-content\/uploads\/2018\/04\/image14-768x576.jpg 768w, https:\/\/lamarnaise-moretti.fr\/wp-content\/uploads\/2018\/04\/image14-1024x768.jpg 1024w\" sizes=\"auto, (max-width: 1214px) 100vw, 1214px\" \/><figcaption>Poteaux hauteur 10m &#8211; Sommesous<\/figcaption><\/figure>\n\n\n\n<figure class=\"wp-block-image size-large\"><img loading=\"lazy\" decoding=\"async\" width=\"1214\" height=\"910\" data-id=\"1755\" src=\"http:\/\/lamarnaise-moretti.fr\/wp-content\/uploads\/2018\/04\/image17.jpg\" alt=\"\" class=\"wp-image-1755\" srcset=\"https:\/\/lamarnaise-moretti.fr\/wp-content\/uploads\/2018\/04\/image17.jpg 1214w, https:\/\/lamarnaise-moretti.fr\/wp-content\/uploads\/2018\/04\/image17-300x225.jpg 300w, https:\/\/lamarnaise-moretti.fr\/wp-content\/uploads\/2018\/04\/image17-768x576.jpg 768w, https:\/\/lamarnaise-moretti.fr\/wp-content\/uploads\/2018\/04\/image17-1024x768.jpg 1024w\" sizes=\"auto, (max-width: 1214px) 100vw, 1214px\" \/><figcaption>Corniches &#8211; ouvrages d&rsquo;art<\/figcaption><\/figure>\n\n\n\n<figure class=\"wp-block-image size-large\"><img loading=\"lazy\" decoding=\"async\" width=\"2560\" height=\"1920\" data-id=\"2177\" src=\"http:\/\/lamarnaise-moretti.fr\/wp-content\/uploads\/2023\/06\/IMG_3871-scaled.jpg\" alt=\"\" class=\"wp-image-2177\" srcset=\"https:\/\/lamarnaise-moretti.fr\/wp-content\/uploads\/2023\/06\/IMG_3871-scaled.jpg 2560w, https:\/\/lamarnaise-moretti.fr\/wp-content\/uploads\/2023\/06\/IMG_3871-300x225.jpg 300w, https:\/\/lamarnaise-moretti.fr\/wp-content\/uploads\/2023\/06\/IMG_3871-1024x768.jpg 1024w, https:\/\/lamarnaise-moretti.fr\/wp-content\/uploads\/2023\/06\/IMG_3871-768x576.jpg 768w, https:\/\/lamarnaise-moretti.fr\/wp-content\/uploads\/2023\/06\/IMG_3871-1536x1152.jpg 1536w, https:\/\/lamarnaise-moretti.fr\/wp-content\/uploads\/2023\/06\/IMG_3871-2048x1536.jpg 2048w\" sizes=\"auto, (max-width: 2560px) 100vw, 2560px\" \/><figcaption>Balcons PMR<\/figcaption><\/figure>\n\n\n\n<figure class=\"wp-block-image size-large\"><img loading=\"lazy\" decoding=\"async\" width=\"727\" height=\"969\" data-id=\"1767\" src=\"http:\/\/lamarnaise-moretti.fr\/wp-content\/uploads\/2018\/04\/image6.jpg\" alt=\"\" class=\"wp-image-1767\" srcset=\"https:\/\/lamarnaise-moretti.fr\/wp-content\/uploads\/2018\/04\/image6.jpg 727w, https:\/\/lamarnaise-moretti.fr\/wp-content\/uploads\/2018\/04\/image6-225x300.jpg 225w\" sizes=\"auto, (max-width: 727px) 100vw, 727px\" \/><figcaption>El\u00e9ments de vidange pour \u00e9tangs<\/figcaption><\/figure>\n\n\n\n<figure class=\"wp-block-image size-large\"><img loading=\"lazy\" decoding=\"async\" width=\"721\" height=\"541\" data-id=\"1768\" src=\"http:\/\/lamarnaise-moretti.fr\/wp-content\/uploads\/2018\/04\/image7.jpg\" alt=\"\" class=\"wp-image-1768\" srcset=\"https:\/\/lamarnaise-moretti.fr\/wp-content\/uploads\/2018\/04\/image7.jpg 721w, https:\/\/lamarnaise-moretti.fr\/wp-content\/uploads\/2018\/04\/image7-300x225.jpg 300w\" sizes=\"auto, (max-width: 721px) 100vw, 721px\" \/><figcaption>Mobilier urbain sur mesure<\/figcaption><\/figure>\n\n\n\n<figure class=\"wp-block-image size-large\"><img loading=\"lazy\" decoding=\"async\" width=\"2560\" height=\"1920\" data-id=\"2173\" src=\"http:\/\/lamarnaise-moretti.fr\/wp-content\/uploads\/2023\/06\/IMG_6392-scaled.jpg\" alt=\"\" class=\"wp-image-2173\" srcset=\"https:\/\/lamarnaise-moretti.fr\/wp-content\/uploads\/2023\/06\/IMG_6392-scaled.jpg 2560w, https:\/\/lamarnaise-moretti.fr\/wp-content\/uploads\/2023\/06\/IMG_6392-300x225.jpg 300w, https:\/\/lamarnaise-moretti.fr\/wp-content\/uploads\/2023\/06\/IMG_6392-1024x768.jpg 1024w, https:\/\/lamarnaise-moretti.fr\/wp-content\/uploads\/2023\/06\/IMG_6392-768x576.jpg 768w, https:\/\/lamarnaise-moretti.fr\/wp-content\/uploads\/2023\/06\/IMG_6392-1536x1152.jpg 1536w, https:\/\/lamarnaise-moretti.fr\/wp-content\/uploads\/2023\/06\/IMG_6392-2048x1536.jpg 2048w\" sizes=\"auto, (max-width: 2560px) 100vw, 2560px\" \/><figcaption>Tablier ouvrage d&rsquo;art avec corniches<\/figcaption><\/figure>\n\n\n\n<figure class=\"wp-block-image size-large\"><img loading=\"lazy\" decoding=\"async\" width=\"2560\" height=\"1920\" data-id=\"2176\" src=\"http:\/\/lamarnaise-moretti.fr\/wp-content\/uploads\/2023\/06\/IMG_3578-scaled.jpg\" alt=\"\" class=\"wp-image-2176\" srcset=\"https:\/\/lamarnaise-moretti.fr\/wp-content\/uploads\/2023\/06\/IMG_3578-scaled.jpg 2560w, https:\/\/lamarnaise-moretti.fr\/wp-content\/uploads\/2023\/06\/IMG_3578-300x225.jpg 300w, https:\/\/lamarnaise-moretti.fr\/wp-content\/uploads\/2023\/06\/IMG_3578-1024x768.jpg 1024w, https:\/\/lamarnaise-moretti.fr\/wp-content\/uploads\/2023\/06\/IMG_3578-768x576.jpg 768w, https:\/\/lamarnaise-moretti.fr\/wp-content\/uploads\/2023\/06\/IMG_3578-1536x1152.jpg 1536w, https:\/\/lamarnaise-moretti.fr\/wp-content\/uploads\/2023\/06\/IMG_3578-2048x1536.jpg 2048w\" sizes=\"auto, (max-width: 2560px) 100vw, 2560px\" \/><figcaption>Tablier ouvrage d&rsquo;art<\/figcaption><\/figure>\n\n\n\n<figure class=\"wp-block-image size-large\"><img loading=\"lazy\" decoding=\"async\" width=\"1214\" height=\"910\" data-id=\"1754\" src=\"http:\/\/lamarnaise-moretti.fr\/wp-content\/uploads\/2018\/04\/image16.jpg\" alt=\"\" class=\"wp-image-1754\" srcset=\"https:\/\/lamarnaise-moretti.fr\/wp-content\/uploads\/2018\/04\/image16.jpg 1214w, https:\/\/lamarnaise-moretti.fr\/wp-content\/uploads\/2018\/04\/image16-300x225.jpg 300w, https:\/\/lamarnaise-moretti.fr\/wp-content\/uploads\/2018\/04\/image16-768x576.jpg 768w, https:\/\/lamarnaise-moretti.fr\/wp-content\/uploads\/2018\/04\/image16-1024x768.jpg 1024w\" sizes=\"auto, (max-width: 1214px) 100vw, 1214px\" \/><figcaption>Sommiers pr\u00e9fabriqu\u00e9s<\/figcaption><\/figure>\n\n\n\n<figure class=\"wp-block-image size-large\"><img loading=\"lazy\" decoding=\"async\" width=\"2560\" height=\"1920\" data-id=\"2172\" src=\"http:\/\/lamarnaise-moretti.fr\/wp-content\/uploads\/2023\/06\/IMG_6391-scaled.jpg\" alt=\"\" class=\"wp-image-2172\" srcset=\"https:\/\/lamarnaise-moretti.fr\/wp-content\/uploads\/2023\/06\/IMG_6391-scaled.jpg 2560w, https:\/\/lamarnaise-moretti.fr\/wp-content\/uploads\/2023\/06\/IMG_6391-300x225.jpg 300w, https:\/\/lamarnaise-moretti.fr\/wp-content\/uploads\/2023\/06\/IMG_6391-1024x768.jpg 1024w, https:\/\/lamarnaise-moretti.fr\/wp-content\/uploads\/2023\/06\/IMG_6391-768x576.jpg 768w, https:\/\/lamarnaise-moretti.fr\/wp-content\/uploads\/2023\/06\/IMG_6391-1536x1152.jpg 1536w, https:\/\/lamarnaise-moretti.fr\/wp-content\/uploads\/2023\/06\/IMG_6391-2048x1536.jpg 2048w\" sizes=\"auto, (max-width: 2560px) 100vw, 2560px\" \/><figcaption>Poutres courbes<\/figcaption><\/figure>\n\n\n\n<figure class=\"wp-block-image size-large\"><img loading=\"lazy\" decoding=\"async\" width=\"2560\" height=\"1920\" data-id=\"2174\" src=\"http:\/\/lamarnaise-moretti.fr\/wp-content\/uploads\/2023\/06\/Longrines-courbes-Bussemont-4-scaled.jpg\" alt=\"\" class=\"wp-image-2174\" srcset=\"https:\/\/lamarnaise-moretti.fr\/wp-content\/uploads\/2023\/06\/Longrines-courbes-Bussemont-4-scaled.jpg 2560w, https:\/\/lamarnaise-moretti.fr\/wp-content\/uploads\/2023\/06\/Longrines-courbes-Bussemont-4-300x225.jpg 300w, https:\/\/lamarnaise-moretti.fr\/wp-content\/uploads\/2023\/06\/Longrines-courbes-Bussemont-4-1024x768.jpg 1024w, https:\/\/lamarnaise-moretti.fr\/wp-content\/uploads\/2023\/06\/Longrines-courbes-Bussemont-4-768x576.jpg 768w, https:\/\/lamarnaise-moretti.fr\/wp-content\/uploads\/2023\/06\/Longrines-courbes-Bussemont-4-1536x1152.jpg 1536w, https:\/\/lamarnaise-moretti.fr\/wp-content\/uploads\/2023\/06\/Longrines-courbes-Bussemont-4-2048x1536.jpg 2048w\" sizes=\"auto, (max-width: 2560px) 100vw, 2560px\" \/><figcaption>Longrines courbes<\/figcaption><\/figure>\n<\/figure>\n\n\n<p>[\/vc_column_text][\/vc_column][\/vc_row]<\/p>","protected":false},"excerpt":{"rendered":"<p>[vc_row][vc_column][vc_single_image image=\u00a0\u00bb1765&Prime; img_size=\u00a0\u00bbfull\u00a0\u00bb][vc_text_separator title=\u00a0\u00bbUsine de pr\u00e9fabrication de produits b\u00e9ton \u00e0 Vitry Le Francois\u00a0\u00bb][\/vc_column][\/vc_row][vc_row][vc_column width=\u00a0\u00bb1\/3&Prime;][vc_column_text]Moyens techniques Un terrain de 5 hectares Une centrale \u00e0 b\u00e9ton Liebherr g\u00e9r\u00e9e par un automate et certifi\u00e9e NF EN206 Un b\u00e2timent de 2500 m\u00b2 Deux ponts roulants 6.3 tonnes et 10 tonnes 200 m\u00b2 de tables coffrantes m\u00e9talliques relevables Divers moules [&hellip;]<\/p>\n","protected":false},"author":1,"featured_media":0,"parent":0,"menu_order":0,"comment_status":"closed","ping_status":"closed","template":"","meta":{"footnotes":""},"class_list":["post-1724","page","type-page","status-publish","hentry","odd"],"_links":{"self":[{"href":"https:\/\/lamarnaise-moretti.fr\/index.php?rest_route=\/wp\/v2\/pages\/1724","targetHints":{"allow":["GET"]}}],"collection":[{"href":"https:\/\/lamarnaise-moretti.fr\/index.php?rest_route=\/wp\/v2\/pages"}],"about":[{"href":"https:\/\/lamarnaise-moretti.fr\/index.php?rest_route=\/wp\/v2\/types\/page"}],"author":[{"embeddable":true,"href":"https:\/\/lamarnaise-moretti.fr\/index.php?rest_route=\/wp\/v2\/users\/1"}],"replies":[{"embeddable":true,"href":"https:\/\/lamarnaise-moretti.fr\/index.php?rest_route=%2Fwp%2Fv2%2Fcomments&post=1724"}],"version-history":[{"count":33,"href":"https:\/\/lamarnaise-moretti.fr\/index.php?rest_route=\/wp\/v2\/pages\/1724\/revisions"}],"predecessor-version":[{"id":2193,"href":"https:\/\/lamarnaise-moretti.fr\/index.php?rest_route=\/wp\/v2\/pages\/1724\/revisions\/2193"}],"wp:attachment":[{"href":"https:\/\/lamarnaise-moretti.fr\/index.php?rest_route=%2Fwp%2Fv2%2Fmedia&parent=1724"}],"curies":[{"name":"wp","href":"https:\/\/api.w.org\/{rel}","templated":true}]}}