{"id":1731,"date":"2018-03-07T12:55:43","date_gmt":"2018-03-07T11:55:43","guid":{"rendered":"http:\/\/185.13.37.124\/?page_id=1731"},"modified":"2022-11-03T09:49:54","modified_gmt":"2022-11-03T08:49:54","slug":"menuiserie-serrurerie","status":"publish","type":"page","link":"https:\/\/lamarnaise-moretti.fr\/?page_id=1731","title":{"rendered":"Menuiserie &#8211; Serrurerie"},"content":{"rendered":"<p>[vc_row gap=\u00a0\u00bb5&Prime; equal_height=\u00a0\u00bbyes\u00a0\u00bb css=\u00a0\u00bb.vc_custom_1522229364126{margin-top: 10px !important;}\u00a0\u00bb][vc_column width=\u00a0\u00bb1\/2&Prime;][vc_text_separator title=\u00a0\u00bbMenuiserie aluminium et bois\u00a0\u00bb title_align=\u00a0\u00bbseparator_align_right\u00a0\u00bb][vc_column_text]<\/p>\n<p>1 atelier menuiserie de 700m2<\/p>\n<p><strong>Moyens humains :<\/strong><\/p>\n<ul>\n<li>1 Directeur<\/li>\n<li>1 Charg\u00e9 d&rsquo;affaires<\/li>\n<li>8 Chefs d&rsquo;\u00e9quipes ou compagnons<\/li>\n<\/ul>\n<p>&nbsp;<\/p>\n<p><strong>Moyens mat\u00e9riels :<\/strong><\/p>\n<ul>\n<li>1 toupie<\/li>\n<li>1 raboteuse<\/li>\n<li>1 d\u00e9gauchisseuse<\/li>\n<li>1 mortaiseuse<\/li>\n<li>2 scies radiales<\/li>\n<li>1 ponceuse \u00e0 bandes<\/li>\n<li>1 scie \u00e0 deux t\u00eates pour profil\u00e9s aluminium<\/li>\n<li>Mat\u00e9riel d&rsquo;assemblage aluminium divers<\/li>\n<li>Etc&#8230;<\/li>\n<\/ul>\n<p>[\/vc_column_text][\/vc_column][vc_column width=\u00a0\u00bb1\/2&Prime;][vc_column_text]&nbsp;<\/p>\n<p>1 atelier serrurerie de 900m2<\/p>\n<p><strong>Moyens humains :<\/strong><\/p>\n<ul>\n<li>1 Directeur<\/li>\n<li>1 Charg\u00e9 d&rsquo;affaires<\/li>\n<li>5 Chefs d&rsquo;\u00e9quipes ou compagnons<\/li>\n<\/ul>\n<p>&nbsp;<\/p>\n<p><strong>Moyens mat\u00e9riels :<\/strong><\/p>\n<ul>\n<li>1 presse plieuse 3m<\/li>\n<li>1 cisaille guillotine 3m<\/li>\n<li>1 table de d\u00e9coupe plasma<\/li>\n<li>1 scie \u00e0 ruban<\/li>\n<li>1 perceuse \u00e0 colonne<\/li>\n<li>Divers postes de soudure<\/li>\n<li>1 tractopelle pour r\u00e9alisation de cl\u00f4tures diverses<\/li>\n<li>Etc&#8230;<\/li>\n<\/ul>\n<p>[vc_column width=\u00a0\u00bb2\/2&Prime;][\/vc_column_text][\/vc_column][\/vc_row][vc_row][vc_column width=\u00a0\u00bb1\/2&Prime;][vc_gallery type=\u00a0\u00bbimage_grid\u00a0\u00bb images=\u00a0\u00bb1915,1914,1913,1912,1906,1907,1908,1909,1910,1911,1905,1904,1903,1902,1901&Prime;][\/vc_column][vc_column width=\u00a0\u00bb1\/2&Prime;][vc_gallery type=\u00a0\u00bbimage_grid\u00a0\u00bb images=\u00a0\u00bb1900,1899,1898,1897,1896,1895,1894,1893,1892,1891,1890&Prime;][\/vc_column][\/vc_row]<\/p>\n","protected":false},"excerpt":{"rendered":"<p>[vc_row gap=\u00a0\u00bb5&Prime; equal_height=\u00a0\u00bbyes\u00a0\u00bb css=\u00a0\u00bb.vc_custom_1522229364126{margin-top: 10px !important;}\u00a0\u00bb][vc_column width=\u00a0\u00bb1\/2&Prime;][vc_text_separator title=\u00a0\u00bbMenuiserie aluminium et bois\u00a0\u00bb title_align=\u00a0\u00bbseparator_align_right\u00a0\u00bb][vc_column_text] 1 atelier menuiserie de 700m2 Moyens humains : 1 Directeur 1 Charg\u00e9 d&rsquo;affaires 8 Chefs d&rsquo;\u00e9quipes ou compagnons &nbsp; Moyens mat\u00e9riels : 1 toupie 1 raboteuse 1 d\u00e9gauchisseuse 1 mortaiseuse 2 scies radiales 1 ponceuse \u00e0 bandes 1 scie \u00e0 deux t\u00eates pour [&hellip;]<\/p>\n","protected":false},"author":1,"featured_media":0,"parent":0,"menu_order":0,"comment_status":"closed","ping_status":"closed","template":"","meta":{"footnotes":""},"class_list":["post-1731","page","type-page","status-publish","hentry","odd"],"_links":{"self":[{"href":"https:\/\/lamarnaise-moretti.fr\/index.php?rest_route=\/wp\/v2\/pages\/1731","targetHints":{"allow":["GET"]}}],"collection":[{"href":"https:\/\/lamarnaise-moretti.fr\/index.php?rest_route=\/wp\/v2\/pages"}],"about":[{"href":"https:\/\/lamarnaise-moretti.fr\/index.php?rest_route=\/wp\/v2\/types\/page"}],"author":[{"embeddable":true,"href":"https:\/\/lamarnaise-moretti.fr\/index.php?rest_route=\/wp\/v2\/users\/1"}],"replies":[{"embeddable":true,"href":"https:\/\/lamarnaise-moretti.fr\/index.php?rest_route=%2Fwp%2Fv2%2Fcomments&post=1731"}],"version-history":[{"count":27,"href":"https:\/\/lamarnaise-moretti.fr\/index.php?rest_route=\/wp\/v2\/pages\/1731\/revisions"}],"predecessor-version":[{"id":2135,"href":"https:\/\/lamarnaise-moretti.fr\/index.php?rest_route=\/wp\/v2\/pages\/1731\/revisions\/2135"}],"wp:attachment":[{"href":"https:\/\/lamarnaise-moretti.fr\/index.php?rest_route=%2Fwp%2Fv2%2Fmedia&parent=1731"}],"curies":[{"name":"wp","href":"https:\/\/api.w.org\/{rel}","templated":true}]}}