{"id":1779,"date":"2018-04-13T11:40:50","date_gmt":"2018-04-13T09:40:50","guid":{"rendered":"http:\/\/185.13.37.124\/?page_id=1779"},"modified":"2018-07-03T14:28:20","modified_gmt":"2018-07-03T12:28:20","slug":"certification","status":"publish","type":"page","link":"https:\/\/lamarnaise-moretti.fr\/?page_id=1779","title":{"rendered":"Certifications"},"content":{"rendered":"<p>[vc_row][vc_column][vc_hoverbox image=\u00a0\u00bb1782&Prime; primary_title=\u00a0\u00bbBureau d&rsquo;\u00e9tudes\u00a0\u00bb primary_title_font_container=\u00a0\u00bbcolor:%23ffffff\u00a0\u00bb primary_title_use_theme_fonts=\u00a0\u00bbyes\u00a0\u00bb hover_title=\u00a0\u00bbBureau d&rsquo;\u00e9tudes\u00a0\u00bb use_custom_fonts_primary_title=\u00a0\u00bbtrue\u00a0\u00bb]<\/p>\n<h3><span style=\"font-weight: 400;\">Moyens humains<\/span><\/h3>\n<p><span style=\"font-weight: 400;\">L\u2019effectif est de 6 personnes<\/span><\/p>\n<p style=\"text-align: center;\"><span style=\"font-weight: 400;\">Ing\u00e9nieurs<\/span><\/p>\n<p style=\"text-align: center;\">Economistes de la construction<\/p>\n<p style=\"text-align: center;\">G\u00e9om\u00e8tres<\/p>\n<p style=\"text-align: center;\">Dessinateurs<\/p>\n<h3><span style=\"font-weight: 400;\">Moyens mat\u00e9riel<\/span><\/h3>\n<p style=\"text-align: center;\"><span style=\"font-weight: 400;\">Logiciels de calculs : ARCHE + MENSURA<\/span><\/p>\n<p style=\"text-align: center;\">Logiciels de dessin : ALL PLAN + AUTOCAD<\/p>\n<p style=\"text-align: center;\">Traceurs A0<\/p>\n<p>[\/vc_hoverbox][vc_separator][\/vc_column][\/vc_row][vc_row][vc_column width=\u00a0\u00bb1\/4&Prime;][\/vc_column][vc_column width=\u00a0\u00bb1\/4&Prime;]\t\t<div class=\"saral-info-sc-wrap saral-css-block \" data-css=\".saral_para_rand_2790.saral-info-sc h5, .saral_para_rand_2790.saral-info-sc p{ color: #8a8d94}\">\n\t\t\t<div class=\"saral-info-sc saral_para_rand_2790\">\n\t\t\t\t\t\t\t\t<div class=\"saral-sc-head\">\n\t\t\t\t\t<h5>Certification NF b\u00e9ton pr\u00eat \u00e0 l\u2019emploi<\/h5> \n\t\t\t\t<\/div>\n\t\t\t\t\t\t\t\t<div class=\"saral-sc-content\">\n\t\t\t\t\t\t\t\t\t\t\t\t\t\t\t\t<img loading=\"lazy\" decoding=\"async\" width=\"576\" height=\"603\" src=\"https:\/\/lamarnaise-moretti.fr\/wp-content\/uploads\/2018\/07\/nf-1.jpg\" class=\"attachment-saral_standard size-saral_standard\" alt=\"\" srcset=\"https:\/\/lamarnaise-moretti.fr\/wp-content\/uploads\/2018\/07\/nf-1.jpg 576w, https:\/\/lamarnaise-moretti.fr\/wp-content\/uploads\/2018\/07\/nf-1-287x300.jpg 287w\" sizes=\"auto, (max-width: 576px) 100vw, 576px\" \/>\t\t\t\t\t\t\t\t\t\t\t\t\t\t<\/div>\n\t\t\t<\/div>\n\t\t<\/div>\n\t\t[\/vc_column][vc_column width=\u00a0\u00bb1\/4&Prime;]\t\t<div class=\"saral-info-sc-wrap saral-css-block \" data-css=\".saral_para_rand_7912.saral-info-sc h5, .saral_para_rand_7912.saral-info-sc p{ color: #8a8d94}\">\n\t\t\t<div class=\"saral-info-sc saral_para_rand_7912\">\n\t\t\t\t\t\t\t\t<div class=\"saral-sc-head\">\n\t\t\t\t\t<h5>Certification Qualibat : Label BTP<\/h5> \n\t\t\t\t<\/div>\n\t\t\t\t\t\t\t\t<div class=\"saral-sc-content\">\n\t\t\t\t\t\t\t\t\t\t\t\t\t\t\t\t<img loading=\"lazy\" decoding=\"async\" width=\"576\" height=\"603\" src=\"https:\/\/lamarnaise-moretti.fr\/wp-content\/uploads\/2018\/04\/logo_qualibat_2015_72dpi_RVB.png\" class=\"attachment-saral_standard size-saral_standard\" alt=\"\" srcset=\"https:\/\/lamarnaise-moretti.fr\/wp-content\/uploads\/2018\/04\/logo_qualibat_2015_72dpi_RVB.png 576w, https:\/\/lamarnaise-moretti.fr\/wp-content\/uploads\/2018\/04\/logo_qualibat_2015_72dpi_RVB-287x300.png 287w\" sizes=\"auto, (max-width: 576px) 100vw, 576px\" \/>\t\t\t\t\t\t\t\t\t\t\t\t\t\t<\/div>\n\t\t\t<\/div>\n\t\t<\/div>\n\t\t[\/vc_column][vc_column width=\u00a0\u00bb1\/4&Prime;][\/vc_column][\/vc_row]<\/p>\n","protected":false},"excerpt":{"rendered":"<p>[vc_row][vc_column][vc_hoverbox image=\u00a0\u00bb1782&Prime; primary_title=\u00a0\u00bbBureau d&rsquo;\u00e9tudes\u00a0\u00bb primary_title_font_container=\u00a0\u00bbcolor:%23ffffff\u00a0\u00bb primary_title_use_theme_fonts=\u00a0\u00bbyes\u00a0\u00bb hover_title=\u00a0\u00bbBureau d&rsquo;\u00e9tudes\u00a0\u00bb use_custom_fonts_primary_title=\u00a0\u00bbtrue\u00a0\u00bb] Moyens humains L\u2019effectif est de 6 personnes Ing\u00e9nieurs Economistes de la construction G\u00e9om\u00e8tres Dessinateurs Moyens mat\u00e9riel Logiciels de calculs : ARCHE + MENSURA Logiciels de dessin : ALL PLAN + AUTOCAD Traceurs A0 [\/vc_hoverbox][vc_separator][\/vc_column][\/vc_row][vc_row][vc_column width=\u00a0\u00bb1\/4&Prime;][\/vc_column][vc_column width=\u00a0\u00bb1\/4&Prime;][\/vc_column][vc_column width=\u00a0\u00bb1\/4&Prime;][\/vc_column][vc_column width=\u00a0\u00bb1\/4&Prime;][\/vc_column][\/vc_row]<\/p>\n","protected":false},"author":1,"featured_media":0,"parent":0,"menu_order":0,"comment_status":"closed","ping_status":"closed","template":"","meta":{"footnotes":""},"class_list":["post-1779","page","type-page","status-publish","hentry","odd"],"_links":{"self":[{"href":"https:\/\/lamarnaise-moretti.fr\/index.php?rest_route=\/wp\/v2\/pages\/1779","targetHints":{"allow":["GET"]}}],"collection":[{"href":"https:\/\/lamarnaise-moretti.fr\/index.php?rest_route=\/wp\/v2\/pages"}],"about":[{"href":"https:\/\/lamarnaise-moretti.fr\/index.php?rest_route=\/wp\/v2\/types\/page"}],"author":[{"embeddable":true,"href":"https:\/\/lamarnaise-moretti.fr\/index.php?rest_route=\/wp\/v2\/users\/1"}],"replies":[{"embeddable":true,"href":"https:\/\/lamarnaise-moretti.fr\/index.php?rest_route=%2Fwp%2Fv2%2Fcomments&post=1779"}],"version-history":[{"count":22,"href":"https:\/\/lamarnaise-moretti.fr\/index.php?rest_route=\/wp\/v2\/pages\/1779\/revisions"}],"predecessor-version":[{"id":2039,"href":"https:\/\/lamarnaise-moretti.fr\/index.php?rest_route=\/wp\/v2\/pages\/1779\/revisions\/2039"}],"wp:attachment":[{"href":"https:\/\/lamarnaise-moretti.fr\/index.php?rest_route=%2Fwp%2Fv2%2Fmedia&parent=1779"}],"curies":[{"name":"wp","href":"https:\/\/api.w.org\/{rel}","templated":true}]}}