{"id":1793,"date":"2018-05-17T14:02:02","date_gmt":"2018-05-17T12:02:02","guid":{"rendered":"http:\/\/185.13.37.124\/?page_id=1793"},"modified":"2023-06-27T10:17:44","modified_gmt":"2023-06-27T08:17:44","slug":"batiment-et-genie-civil","status":"publish","type":"page","link":"https:\/\/lamarnaise-moretti.fr\/?page_id=1793","title":{"rendered":"B\u00e2timent et g\u00e9nie civil"},"content":{"rendered":"<p>[vc_row][vc_column width=\u00a0\u00bb1\/3&Prime;][vc_column_text]<strong><u>Pr\u00e9sentation<\/u><\/strong><\/p>\n<p><\/p>\n<h2>GROS \u0152UVRE, GENIE CIVIL<\/h2>\n<p>Nos \u00e9quipes de production interviennent dans les secteurs du gros \u0153uvre et du g\u00e9nie civil pour vous permettre de r\u00e9aliser vos projets de construction ou de r\u00e9novation.[\/vc_column_text][\/vc_column][vc_column width=\u00a0\u00bb2\/3&Prime;][vc_video link=\u00a0\u00bbhttps:\/\/www.youtube.com\/watch?v=ILg1Np54GrE\u00a0\u00bb align=\u00a0\u00bbcenter\u00a0\u00bb][\/vc_column][\/vc_row][vc_row][vc_column][\/vc_column][\/vc_row][vc_row][vc_column][vc_column_text]<\/p>\n\n\n<figure class=\"wp-block-gallery has-nested-images columns-default is-cropped wp-block-gallery-1 is-layout-flex wp-block-gallery-is-layout-flex\">\n<figure class=\"wp-block-image size-large\"><img loading=\"lazy\" decoding=\"async\" width=\"2560\" height=\"1920\" data-id=\"2099\" src=\"http:\/\/lamarnaise-moretti.fr\/wp-content\/uploads\/2022\/11\/IMG_3960-scaled.jpg\" alt=\"\" class=\"wp-image-2099\" srcset=\"https:\/\/lamarnaise-moretti.fr\/wp-content\/uploads\/2022\/11\/IMG_3960-scaled.jpg 2560w, https:\/\/lamarnaise-moretti.fr\/wp-content\/uploads\/2022\/11\/IMG_3960-300x225.jpg 300w, https:\/\/lamarnaise-moretti.fr\/wp-content\/uploads\/2022\/11\/IMG_3960-1024x768.jpg 1024w, https:\/\/lamarnaise-moretti.fr\/wp-content\/uploads\/2022\/11\/IMG_3960-768x576.jpg 768w, https:\/\/lamarnaise-moretti.fr\/wp-content\/uploads\/2022\/11\/IMG_3960-1536x1152.jpg 1536w, https:\/\/lamarnaise-moretti.fr\/wp-content\/uploads\/2022\/11\/IMG_3960-2048x1536.jpg 2048w\" sizes=\"auto, (max-width: 2560px) 100vw, 2560px\" \/><figcaption>Centre aquatique &#8211; Vitry-Le-Fran\u00e7ois<\/figcaption><\/figure>\n\n\n\n<figure class=\"wp-block-image size-large\"><img loading=\"lazy\" decoding=\"async\" width=\"2560\" height=\"1920\" data-id=\"2106\" src=\"http:\/\/lamarnaise-moretti.fr\/wp-content\/uploads\/2022\/11\/IMG_8647-scaled.jpg\" alt=\"\" class=\"wp-image-2106\" srcset=\"https:\/\/lamarnaise-moretti.fr\/wp-content\/uploads\/2022\/11\/IMG_8647-scaled.jpg 2560w, https:\/\/lamarnaise-moretti.fr\/wp-content\/uploads\/2022\/11\/IMG_8647-300x225.jpg 300w, https:\/\/lamarnaise-moretti.fr\/wp-content\/uploads\/2022\/11\/IMG_8647-1024x768.jpg 1024w, https:\/\/lamarnaise-moretti.fr\/wp-content\/uploads\/2022\/11\/IMG_8647-768x576.jpg 768w, https:\/\/lamarnaise-moretti.fr\/wp-content\/uploads\/2022\/11\/IMG_8647-1536x1152.jpg 1536w, https:\/\/lamarnaise-moretti.fr\/wp-content\/uploads\/2022\/11\/IMG_8647-2048x1536.jpg 2048w\" sizes=\"auto, (max-width: 2560px) 100vw, 2560px\" \/><figcaption>B\u00e2timent industriel &#8211; Chalons en Champagne<\/figcaption><\/figure>\n\n\n\n<figure class=\"wp-block-image size-large\"><img loading=\"lazy\" decoding=\"async\" width=\"1920\" height=\"2560\" data-id=\"2160\" src=\"http:\/\/lamarnaise-moretti.fr\/wp-content\/uploads\/2023\/06\/IMG_1775-scaled.jpg\" alt=\"\" class=\"wp-image-2160\" srcset=\"https:\/\/lamarnaise-moretti.fr\/wp-content\/uploads\/2023\/06\/IMG_1775-scaled.jpg 1920w, https:\/\/lamarnaise-moretti.fr\/wp-content\/uploads\/2023\/06\/IMG_1775-225x300.jpg 225w, https:\/\/lamarnaise-moretti.fr\/wp-content\/uploads\/2023\/06\/IMG_1775-768x1024.jpg 768w, https:\/\/lamarnaise-moretti.fr\/wp-content\/uploads\/2023\/06\/IMG_1775-1152x1536.jpg 1152w, https:\/\/lamarnaise-moretti.fr\/wp-content\/uploads\/2023\/06\/IMG_1775-1536x2048.jpg 1536w\" sizes=\"auto, (max-width: 1920px) 100vw, 1920px\" \/><figcaption>R\u00e9habilitation ancienne gendarmerie &#8211; Vitry Le Fran\u00e7ois<\/figcaption><\/figure>\n\n\n\n<figure class=\"wp-block-image size-large\"><img loading=\"lazy\" decoding=\"async\" width=\"2560\" height=\"1920\" data-id=\"2162\" src=\"http:\/\/lamarnaise-moretti.fr\/wp-content\/uploads\/2023\/06\/IMG_1129-scaled.jpg\" alt=\"\" class=\"wp-image-2162\" srcset=\"https:\/\/lamarnaise-moretti.fr\/wp-content\/uploads\/2023\/06\/IMG_1129-scaled.jpg 2560w, https:\/\/lamarnaise-moretti.fr\/wp-content\/uploads\/2023\/06\/IMG_1129-300x225.jpg 300w, https:\/\/lamarnaise-moretti.fr\/wp-content\/uploads\/2023\/06\/IMG_1129-1024x768.jpg 1024w, https:\/\/lamarnaise-moretti.fr\/wp-content\/uploads\/2023\/06\/IMG_1129-768x576.jpg 768w, https:\/\/lamarnaise-moretti.fr\/wp-content\/uploads\/2023\/06\/IMG_1129-1536x1152.jpg 1536w, https:\/\/lamarnaise-moretti.fr\/wp-content\/uploads\/2023\/06\/IMG_1129-2048x1536.jpg 2048w\" sizes=\"auto, (max-width: 2560px) 100vw, 2560px\" \/><figcaption>G\u00e9nie civil four et silo de stockage &#8211; Vatry<\/figcaption><\/figure>\n\n\n\n<figure class=\"wp-block-image size-large\"><img loading=\"lazy\" decoding=\"async\" width=\"2560\" height=\"1920\" data-id=\"2105\" src=\"http:\/\/lamarnaise-moretti.fr\/wp-content\/uploads\/2022\/11\/IMG_5596-scaled.jpg\" alt=\"\" class=\"wp-image-2105\" srcset=\"https:\/\/lamarnaise-moretti.fr\/wp-content\/uploads\/2022\/11\/IMG_5596-scaled.jpg 2560w, https:\/\/lamarnaise-moretti.fr\/wp-content\/uploads\/2022\/11\/IMG_5596-300x225.jpg 300w, https:\/\/lamarnaise-moretti.fr\/wp-content\/uploads\/2022\/11\/IMG_5596-1024x768.jpg 1024w, https:\/\/lamarnaise-moretti.fr\/wp-content\/uploads\/2022\/11\/IMG_5596-768x576.jpg 768w, https:\/\/lamarnaise-moretti.fr\/wp-content\/uploads\/2022\/11\/IMG_5596-1536x1152.jpg 1536w, https:\/\/lamarnaise-moretti.fr\/wp-content\/uploads\/2022\/11\/IMG_5596-2048x1536.jpg 2048w\" sizes=\"auto, (max-width: 2560px) 100vw, 2560px\" \/><figcaption>49 Logements &#8211; Chalons en Champagne<\/figcaption><\/figure>\n\n\n\n<figure class=\"wp-block-image size-large\"><img loading=\"lazy\" decoding=\"async\" width=\"2560\" height=\"1920\" data-id=\"2103\" src=\"http:\/\/lamarnaise-moretti.fr\/wp-content\/uploads\/2022\/11\/IMG_4870-scaled.jpg\" alt=\"\" class=\"wp-image-2103\" srcset=\"https:\/\/lamarnaise-moretti.fr\/wp-content\/uploads\/2022\/11\/IMG_4870-scaled.jpg 2560w, https:\/\/lamarnaise-moretti.fr\/wp-content\/uploads\/2022\/11\/IMG_4870-300x225.jpg 300w, https:\/\/lamarnaise-moretti.fr\/wp-content\/uploads\/2022\/11\/IMG_4870-1024x768.jpg 1024w, https:\/\/lamarnaise-moretti.fr\/wp-content\/uploads\/2022\/11\/IMG_4870-768x576.jpg 768w, https:\/\/lamarnaise-moretti.fr\/wp-content\/uploads\/2022\/11\/IMG_4870-1536x1152.jpg 1536w, https:\/\/lamarnaise-moretti.fr\/wp-content\/uploads\/2022\/11\/IMG_4870-2048x1536.jpg 2048w\" sizes=\"auto, (max-width: 2560px) 100vw, 2560px\" \/><figcaption>96 Logements &#8211; Saint Dizier<\/figcaption><\/figure>\n\n\n\n<figure class=\"wp-block-image size-large\"><img loading=\"lazy\" decoding=\"async\" width=\"2560\" height=\"1920\" data-id=\"2104\" src=\"http:\/\/lamarnaise-moretti.fr\/wp-content\/uploads\/2022\/11\/IMG_4931-scaled.jpg\" alt=\"\" class=\"wp-image-2104\" srcset=\"https:\/\/lamarnaise-moretti.fr\/wp-content\/uploads\/2022\/11\/IMG_4931-scaled.jpg 2560w, https:\/\/lamarnaise-moretti.fr\/wp-content\/uploads\/2022\/11\/IMG_4931-300x225.jpg 300w, https:\/\/lamarnaise-moretti.fr\/wp-content\/uploads\/2022\/11\/IMG_4931-1024x768.jpg 1024w, https:\/\/lamarnaise-moretti.fr\/wp-content\/uploads\/2022\/11\/IMG_4931-768x576.jpg 768w, https:\/\/lamarnaise-moretti.fr\/wp-content\/uploads\/2022\/11\/IMG_4931-1536x1152.jpg 1536w, https:\/\/lamarnaise-moretti.fr\/wp-content\/uploads\/2022\/11\/IMG_4931-2048x1536.jpg 2048w\" sizes=\"auto, (max-width: 2560px) 100vw, 2560px\" \/><figcaption>G\u00e9nie civil pr\u00e9s\u00e8cheur &#8211; Chalons en Champagne<\/figcaption><\/figure>\n\n\n\n<figure class=\"wp-block-image size-large\"><img loading=\"lazy\" decoding=\"async\" width=\"2560\" height=\"1920\" data-id=\"2102\" src=\"http:\/\/lamarnaise-moretti.fr\/wp-content\/uploads\/2022\/11\/IMG_4831-scaled.jpg\" alt=\"\" class=\"wp-image-2102\" srcset=\"https:\/\/lamarnaise-moretti.fr\/wp-content\/uploads\/2022\/11\/IMG_4831-scaled.jpg 2560w, https:\/\/lamarnaise-moretti.fr\/wp-content\/uploads\/2022\/11\/IMG_4831-300x225.jpg 300w, https:\/\/lamarnaise-moretti.fr\/wp-content\/uploads\/2022\/11\/IMG_4831-1024x768.jpg 1024w, https:\/\/lamarnaise-moretti.fr\/wp-content\/uploads\/2022\/11\/IMG_4831-768x576.jpg 768w, https:\/\/lamarnaise-moretti.fr\/wp-content\/uploads\/2022\/11\/IMG_4831-1536x1152.jpg 1536w, https:\/\/lamarnaise-moretti.fr\/wp-content\/uploads\/2022\/11\/IMG_4831-2048x1536.jpg 2048w\" sizes=\"auto, (max-width: 2560px) 100vw, 2560px\" \/><figcaption>Groupe p\u00e9riscolaire &#8211; Thieblemont<\/figcaption><\/figure>\n\n\n\n<figure class=\"wp-block-image size-large\"><img loading=\"lazy\" decoding=\"async\" width=\"2560\" height=\"1920\" data-id=\"2101\" src=\"http:\/\/lamarnaise-moretti.fr\/wp-content\/uploads\/2022\/11\/IMG_4786-scaled.jpg\" alt=\"\" class=\"wp-image-2101\" srcset=\"https:\/\/lamarnaise-moretti.fr\/wp-content\/uploads\/2022\/11\/IMG_4786-scaled.jpg 2560w, https:\/\/lamarnaise-moretti.fr\/wp-content\/uploads\/2022\/11\/IMG_4786-300x225.jpg 300w, https:\/\/lamarnaise-moretti.fr\/wp-content\/uploads\/2022\/11\/IMG_4786-1024x768.jpg 1024w, https:\/\/lamarnaise-moretti.fr\/wp-content\/uploads\/2022\/11\/IMG_4786-768x576.jpg 768w, https:\/\/lamarnaise-moretti.fr\/wp-content\/uploads\/2022\/11\/IMG_4786-1536x1152.jpg 1536w, https:\/\/lamarnaise-moretti.fr\/wp-content\/uploads\/2022\/11\/IMG_4786-2048x1536.jpg 2048w\" sizes=\"auto, (max-width: 2560px) 100vw, 2560px\" \/><figcaption>G\u00e9nie civil ligne d&rsquo;\u00e9tirage &#8211; Vitry Le Fran\u00e7ois<\/figcaption><\/figure>\n<\/figure>\n\n\n<p>[\/vc_column_text][\/vc_column][\/vc_row]<\/p>","protected":false},"excerpt":{"rendered":"<p>[vc_row][vc_column width=\u00a0\u00bb1\/3&Prime;][vc_column_text]Pr\u00e9sentation GROS \u0152UVRE, GENIE CIVIL Nos \u00e9quipes de production interviennent dans les secteurs du gros \u0153uvre et du g\u00e9nie civil pour vous permettre de r\u00e9aliser vos projets de construction ou de r\u00e9novation.[\/vc_column_text][\/vc_column][vc_column width=\u00a0\u00bb2\/3&Prime;][vc_video link=\u00a0\u00bbhttps:\/\/www.youtube.com\/watch?v=ILg1Np54GrE\u00a0\u00bb align=\u00a0\u00bbcenter\u00a0\u00bb][\/vc_column][\/vc_row][vc_row][vc_column][\/vc_column][\/vc_row][vc_row][vc_column][vc_column_text] [\/vc_column_text][\/vc_column][\/vc_row]<\/p>\n","protected":false},"author":1,"featured_media":0,"parent":0,"menu_order":0,"comment_status":"closed","ping_status":"closed","template":"","meta":{"footnotes":""},"class_list":["post-1793","page","type-page","status-publish","hentry","odd"],"_links":{"self":[{"href":"https:\/\/lamarnaise-moretti.fr\/index.php?rest_route=\/wp\/v2\/pages\/1793","targetHints":{"allow":["GET"]}}],"collection":[{"href":"https:\/\/lamarnaise-moretti.fr\/index.php?rest_route=\/wp\/v2\/pages"}],"about":[{"href":"https:\/\/lamarnaise-moretti.fr\/index.php?rest_route=\/wp\/v2\/types\/page"}],"author":[{"embeddable":true,"href":"https:\/\/lamarnaise-moretti.fr\/index.php?rest_route=\/wp\/v2\/users\/1"}],"replies":[{"embeddable":true,"href":"https:\/\/lamarnaise-moretti.fr\/index.php?rest_route=%2Fwp%2Fv2%2Fcomments&post=1793"}],"version-history":[{"count":16,"href":"https:\/\/lamarnaise-moretti.fr\/index.php?rest_route=\/wp\/v2\/pages\/1793\/revisions"}],"predecessor-version":[{"id":2164,"href":"https:\/\/lamarnaise-moretti.fr\/index.php?rest_route=\/wp\/v2\/pages\/1793\/revisions\/2164"}],"wp:attachment":[{"href":"https:\/\/lamarnaise-moretti.fr\/index.php?rest_route=%2Fwp%2Fv2%2Fmedia&parent=1793"}],"curies":[{"name":"wp","href":"https:\/\/api.w.org\/{rel}","templated":true}]}}