{"id":1854,"date":"2018-05-22T14:10:36","date_gmt":"2018-05-22T12:10:36","guid":{"rendered":"http:\/\/185.13.37.124\/?page_id=1854"},"modified":"2022-10-28T16:48:07","modified_gmt":"2022-10-28T14:48:07","slug":"travaux-publics","status":"publish","type":"page","link":"https:\/\/lamarnaise-moretti.fr\/?page_id=1854","title":{"rendered":"Travaux publics"},"content":{"rendered":"<p>[vc_row][vc_column width=\u00a0\u00bb1\/2&Prime;][vc_column_text]<\/p>\n<h2>TRAVAUX PUBLICS<\/h2>\n<p>Nos \u00e9quipes de production se tiennent \u00e0 votre disposition pour r\u00e9aliser tous vos projets de voiries et r\u00e9seaux divers tels que :<\/p>\n<ul>\n<li>Terrassements g\u00e9n\u00e9raux petite et grande masse<\/li>\n<li>Voirie b\u00e9ton et b\u00e9ton bitumeux (enrob\u00e9s)<\/li>\n<li>Assainissements collectifs et non collectifs (ANC) de 1 \u00e0 30 \u00e9quivalents habitants<\/li>\n<li>R\u00e9seaux divers<\/li>\n<li>Rev\u00eatements qualitatifs :\n<ul>\n<li>B\u00e9ton d\u00e9sactiv\u00e9 ou color\u00e9<\/li>\n<li>Pavage pierre naturelle et pavage b\u00e9ton<\/li>\n<li>All\u00e9es en stabilis\u00e9 ou sable ciment<\/li>\n<\/ul>\n<\/li>\n<\/ul>\n\n\n<figure class=\"wp-block-gallery has-nested-images columns-default is-cropped wp-block-gallery-1 is-layout-flex wp-block-gallery-is-layout-flex\">\n<figure class=\"wp-block-image size-large\"><img loading=\"lazy\" decoding=\"async\" width=\"2592\" height=\"1944\" data-id=\"1934\" src=\"http:\/\/lamarnaise-moretti.fr\/wp-content\/uploads\/2018\/05\/CASINO-4-min.jpg\" alt=\"\" class=\"wp-image-1934\" srcset=\"https:\/\/lamarnaise-moretti.fr\/wp-content\/uploads\/2018\/05\/CASINO-4-min.jpg 2592w, https:\/\/lamarnaise-moretti.fr\/wp-content\/uploads\/2018\/05\/CASINO-4-min-300x225.jpg 300w, https:\/\/lamarnaise-moretti.fr\/wp-content\/uploads\/2018\/05\/CASINO-4-min-768x576.jpg 768w, https:\/\/lamarnaise-moretti.fr\/wp-content\/uploads\/2018\/05\/CASINO-4-min-1024x768.jpg 1024w\" sizes=\"auto, (max-width: 2592px) 100vw, 2592px\" \/><\/figure>\n\n\n\n<figure class=\"wp-block-image size-large\"><img loading=\"lazy\" decoding=\"async\" width=\"2592\" height=\"1944\" data-id=\"1933\" src=\"http:\/\/lamarnaise-moretti.fr\/wp-content\/uploads\/2018\/05\/CASINO-1-min.jpg\" alt=\"\" class=\"wp-image-1933\" srcset=\"https:\/\/lamarnaise-moretti.fr\/wp-content\/uploads\/2018\/05\/CASINO-1-min.jpg 2592w, https:\/\/lamarnaise-moretti.fr\/wp-content\/uploads\/2018\/05\/CASINO-1-min-300x225.jpg 300w, https:\/\/lamarnaise-moretti.fr\/wp-content\/uploads\/2018\/05\/CASINO-1-min-768x576.jpg 768w, https:\/\/lamarnaise-moretti.fr\/wp-content\/uploads\/2018\/05\/CASINO-1-min-1024x768.jpg 1024w\" sizes=\"auto, (max-width: 2592px) 100vw, 2592px\" \/><\/figure>\n\n\n\n<figure class=\"wp-block-image size-large\"><img loading=\"lazy\" decoding=\"async\" width=\"2592\" height=\"1944\" data-id=\"1932\" src=\"http:\/\/lamarnaise-moretti.fr\/wp-content\/uploads\/2018\/05\/ARRIGNY-1-min.jpg\" alt=\"\" class=\"wp-image-1932\" srcset=\"https:\/\/lamarnaise-moretti.fr\/wp-content\/uploads\/2018\/05\/ARRIGNY-1-min.jpg 2592w, https:\/\/lamarnaise-moretti.fr\/wp-content\/uploads\/2018\/05\/ARRIGNY-1-min-300x225.jpg 300w, https:\/\/lamarnaise-moretti.fr\/wp-content\/uploads\/2018\/05\/ARRIGNY-1-min-768x576.jpg 768w, https:\/\/lamarnaise-moretti.fr\/wp-content\/uploads\/2018\/05\/ARRIGNY-1-min-1024x768.jpg 1024w\" sizes=\"auto, (max-width: 2592px) 100vw, 2592px\" \/><\/figure>\n\n\n\n<figure class=\"wp-block-image size-large\"><img loading=\"lazy\" decoding=\"async\" width=\"2592\" height=\"1944\" data-id=\"1931\" src=\"http:\/\/lamarnaise-moretti.fr\/wp-content\/uploads\/2018\/05\/Alliancelles-min.jpg\" alt=\"\" class=\"wp-image-1931\" srcset=\"https:\/\/lamarnaise-moretti.fr\/wp-content\/uploads\/2018\/05\/Alliancelles-min.jpg 2592w, https:\/\/lamarnaise-moretti.fr\/wp-content\/uploads\/2018\/05\/Alliancelles-min-300x225.jpg 300w, https:\/\/lamarnaise-moretti.fr\/wp-content\/uploads\/2018\/05\/Alliancelles-min-768x576.jpg 768w, https:\/\/lamarnaise-moretti.fr\/wp-content\/uploads\/2018\/05\/Alliancelles-min-1024x768.jpg 1024w\" sizes=\"auto, (max-width: 2592px) 100vw, 2592px\" \/><\/figure>\n\n\n\n<figure class=\"wp-block-image size-large\"><img loading=\"lazy\" decoding=\"async\" width=\"2592\" height=\"1944\" data-id=\"1930\" src=\"http:\/\/lamarnaise-moretti.fr\/wp-content\/uploads\/2018\/05\/MONCETZ-3-min.jpg\" alt=\"\" class=\"wp-image-1930\" srcset=\"https:\/\/lamarnaise-moretti.fr\/wp-content\/uploads\/2018\/05\/MONCETZ-3-min.jpg 2592w, https:\/\/lamarnaise-moretti.fr\/wp-content\/uploads\/2018\/05\/MONCETZ-3-min-300x225.jpg 300w, https:\/\/lamarnaise-moretti.fr\/wp-content\/uploads\/2018\/05\/MONCETZ-3-min-768x576.jpg 768w, https:\/\/lamarnaise-moretti.fr\/wp-content\/uploads\/2018\/05\/MONCETZ-3-min-1024x768.jpg 1024w\" sizes=\"auto, (max-width: 2592px) 100vw, 2592px\" \/><\/figure>\n\n\n\n<figure class=\"wp-block-image size-large\"><img loading=\"lazy\" decoding=\"async\" width=\"2592\" height=\"1944\" data-id=\"1929\" src=\"http:\/\/lamarnaise-moretti.fr\/wp-content\/uploads\/2018\/05\/MONCETZ-2-min.jpg\" alt=\"\" class=\"wp-image-1929\" srcset=\"https:\/\/lamarnaise-moretti.fr\/wp-content\/uploads\/2018\/05\/MONCETZ-2-min.jpg 2592w, https:\/\/lamarnaise-moretti.fr\/wp-content\/uploads\/2018\/05\/MONCETZ-2-min-300x225.jpg 300w, https:\/\/lamarnaise-moretti.fr\/wp-content\/uploads\/2018\/05\/MONCETZ-2-min-768x576.jpg 768w, https:\/\/lamarnaise-moretti.fr\/wp-content\/uploads\/2018\/05\/MONCETZ-2-min-1024x768.jpg 1024w\" sizes=\"auto, (max-width: 2592px) 100vw, 2592px\" \/><\/figure>\n\n\n\n<figure class=\"wp-block-image size-large\"><img loading=\"lazy\" decoding=\"async\" width=\"2304\" height=\"1728\" data-id=\"1928\" src=\"http:\/\/lamarnaise-moretti.fr\/wp-content\/uploads\/2018\/05\/EG-MOURMELON-2-min.jpg\" alt=\"\" class=\"wp-image-1928\" srcset=\"https:\/\/lamarnaise-moretti.fr\/wp-content\/uploads\/2018\/05\/EG-MOURMELON-2-min.jpg 2304w, https:\/\/lamarnaise-moretti.fr\/wp-content\/uploads\/2018\/05\/EG-MOURMELON-2-min-300x225.jpg 300w, https:\/\/lamarnaise-moretti.fr\/wp-content\/uploads\/2018\/05\/EG-MOURMELON-2-min-768x576.jpg 768w, https:\/\/lamarnaise-moretti.fr\/wp-content\/uploads\/2018\/05\/EG-MOURMELON-2-min-1024x768.jpg 1024w\" sizes=\"auto, (max-width: 2304px) 100vw, 2304px\" \/><\/figure>\n\n\n\n<figure class=\"wp-block-image size-large\"><img loading=\"lazy\" decoding=\"async\" width=\"2592\" height=\"1944\" data-id=\"1927\" src=\"http:\/\/lamarnaise-moretti.fr\/wp-content\/uploads\/2018\/05\/CHALONS-POLE-CANCALE-min.jpg\" alt=\"\" class=\"wp-image-1927\" srcset=\"https:\/\/lamarnaise-moretti.fr\/wp-content\/uploads\/2018\/05\/CHALONS-POLE-CANCALE-min.jpg 2592w, https:\/\/lamarnaise-moretti.fr\/wp-content\/uploads\/2018\/05\/CHALONS-POLE-CANCALE-min-300x225.jpg 300w, https:\/\/lamarnaise-moretti.fr\/wp-content\/uploads\/2018\/05\/CHALONS-POLE-CANCALE-min-768x576.jpg 768w, https:\/\/lamarnaise-moretti.fr\/wp-content\/uploads\/2018\/05\/CHALONS-POLE-CANCALE-min-1024x768.jpg 1024w\" sizes=\"auto, (max-width: 2592px) 100vw, 2592px\" \/><\/figure>\n<\/figure>\n","protected":false},"excerpt":{"rendered":"<p>[vc_row][vc_column width=\u00a0\u00bb1\/2&Prime;][vc_column_text] TRAVAUX PUBLICS Nos \u00e9quipes de production se tiennent \u00e0 votre disposition pour r\u00e9aliser tous vos projets de voiries et r\u00e9seaux divers tels que : Terrassements g\u00e9n\u00e9raux petite et grande masse Voirie b\u00e9ton et b\u00e9ton bitumeux (enrob\u00e9s) Assainissements collectifs et non collectifs (ANC) de 1 \u00e0 30 \u00e9quivalents habitants R\u00e9seaux divers Rev\u00eatements qualitatifs : [&hellip;]<\/p>\n","protected":false},"author":1,"featured_media":0,"parent":0,"menu_order":0,"comment_status":"closed","ping_status":"closed","template":"","meta":{"footnotes":""},"class_list":["post-1854","page","type-page","status-publish","hentry","odd"],"_links":{"self":[{"href":"https:\/\/lamarnaise-moretti.fr\/index.php?rest_route=\/wp\/v2\/pages\/1854","targetHints":{"allow":["GET"]}}],"collection":[{"href":"https:\/\/lamarnaise-moretti.fr\/index.php?rest_route=\/wp\/v2\/pages"}],"about":[{"href":"https:\/\/lamarnaise-moretti.fr\/index.php?rest_route=\/wp\/v2\/types\/page"}],"author":[{"embeddable":true,"href":"https:\/\/lamarnaise-moretti.fr\/index.php?rest_route=\/wp\/v2\/users\/1"}],"replies":[{"embeddable":true,"href":"https:\/\/lamarnaise-moretti.fr\/index.php?rest_route=%2Fwp%2Fv2%2Fcomments&post=1854"}],"version-history":[{"count":5,"href":"https:\/\/lamarnaise-moretti.fr\/index.php?rest_route=\/wp\/v2\/pages\/1854\/revisions"}],"predecessor-version":[{"id":2082,"href":"https:\/\/lamarnaise-moretti.fr\/index.php?rest_route=\/wp\/v2\/pages\/1854\/revisions\/2082"}],"wp:attachment":[{"href":"https:\/\/lamarnaise-moretti.fr\/index.php?rest_route=%2Fwp%2Fv2%2Fmedia&parent=1854"}],"curies":[{"name":"wp","href":"https:\/\/api.w.org\/{rel}","templated":true}]}}