{"id":1856,"date":"2018-05-22T14:11:09","date_gmt":"2018-05-22T12:11:09","guid":{"rendered":"http:\/\/185.13.37.124\/?page_id=1856"},"modified":"2022-11-02T17:23:47","modified_gmt":"2022-11-02T16:23:47","slug":"beton-pret-a-lemploi","status":"publish","type":"page","link":"https:\/\/lamarnaise-moretti.fr\/?page_id=1856","title":{"rendered":"B\u00e9ton pr\u00eat \u00e0 l&#8217;emploi"},"content":{"rendered":"<p>[vc_row][vc_column width=\u00a0\u00bb1\/4&Prime;][vc_single_image image=\u00a0\u00bb1948&Prime; img_size=\u00a0\u00bbfull\u00a0\u00bb alignment=\u00a0\u00bbcenter\u00a0\u00bb][vc_single_image image=\u00a0\u00bb1937&Prime; img_size=\u00a0\u00bblarge\u00a0\u00bb alignment=\u00a0\u00bbcenter\u00a0\u00bb][\/vc_column][vc_column width=\u00a0\u00bb1\/2&Prime;][vc_single_image image=\u00a0\u00bb1943&Prime; img_size=\u00a0\u00bbfull\u00a0\u00bb][\/vc_column][vc_column width=\u00a0\u00bb1\/4&Prime;][vc_single_image image=\u00a0\u00bb1938&Prime; img_size=\u00a0\u00bblarge\u00a0\u00bb alignment=\u00a0\u00bbcenter\u00a0\u00bb][vc_single_image image=\u00a0\u00bb1939&Prime; img_size=\u00a0\u00bblarge\u00a0\u00bb alignment=\u00a0\u00bbcenter\u00a0\u00bb][\/vc_column][\/vc_row][vc_row][vc_column width=\u00a0\u00bb1\/2&Prime;][vc_column_text]<\/p>\n<h3>Nos produits<\/h3>\n<ul>\n<li>B\u00e9ton tous dosages<\/li>\n<li>B\u00e9ton toute quantit\u00e9 et toute r\u00e9sistance<\/li>\n<li>B\u00e9ton color\u00e9<\/li>\n<li>B\u00e9ton autopla\u00e7ant<\/li>\n<li>B\u00e9ton d\u00e9sactiv\u00e9 en diff\u00e9rentes granulom\u00e9tries :<br \/>\n-0\/4 -4\/8 -8\/16<\/li>\n<li>Chape liquide<\/li>\n<li>Grave ciment de 3% \u00e0 7%<\/li>\n<\/ul>\n<p>[\/vc_column_text][\/vc_column][vc_column width=\u00a0\u00bb1\/2&Prime;][vc_column_text]<\/p>\n<h3>Nos engagements<\/h3>\n<ul>\n<li>Une garantie de fiabilit\u00e9<\/li>\n<li>Un respect de l\u2019environnement<\/li>\n<li>Un personnel impliqu\u00e9 et qualifi\u00e9<\/li>\n<li>Un suivi annuel des bascules (ciment, eau, agr\u00e9gats)<\/li>\n<li>L\u2019intervention de notre laboratoire interne pour tous les essais sur b\u00e9tons (compression, affaissement, \u00e9talement, masse volumique, etc.) avec des statistiques sur l\u2019ann\u00e9e.<\/li>\n<li>Un suivi tous les ans de la norme NF-BPE EN 206\/CN<\/li>\n<li>Une \u00e9quipe de techniciens qui sauront r\u00e9pondre \u00e0 vos attentes et vos questions<\/li>\n<\/ul>\n<p>[\/vc_column_text][\/vc_column][\/vc_row][vc_row][vc_column width=\u00a0\u00bb1\/2&Prime;][vc_column_text]<\/p>\n<h3>Moyens humains :<\/h3>\n<ul>\n<li>1 Directeur<\/li>\n<li>1 Responsable d\u2019exploitation<\/li>\n<li>1 Technicien de laboratoire<\/li>\n<li>2 Chefs de centrale<\/li>\n<li>1 Secr\u00e9taire \u00e0 l\u2019accueil t\u00e9l\u00e9phonique<\/li>\n<li>Des chauffeurs polyvalents<\/li>\n<\/ul>\n<p>[\/vc_column_text][\/vc_column][vc_column width=\u00a0\u00bb1\/2&Prime;][vc_column_text]<\/p>\n<h3>Moyens mat\u00e9riel :<\/h3>\n<ul>\n<li>1 Centrale \u00e0 b\u00e9ton d\u2019une capacit\u00e9 de 1.5m3 de b\u00e9ton fini \u00e0 Vitry Le Fran\u00e7ois<\/li>\n<li>1 Centrale \u00e0 b\u00e9ton d\u2019une capacit\u00e9 de 2.25m3 de b\u00e9ton fini \u00e0 Saint Dizier<\/li>\n<li>3 Camions 6*4 de 6m3<\/li>\n<li>4 Camions 8*4 de 8m3<\/li>\n<li>2 Camions 8*4 de 7m3 avec tapis t\u00e9lescopique de 16 et 17 m\u00e8tres<\/li>\n<li>1 Semi de 9m3<\/li>\n<li>1 Camion pompe de 6m3 avec fl\u00e8che de 18 m\u00e8tres et 10 m\u00e8tres de tuyau pour b\u00e9ton + 20 m\u00e8tres de tuyau pour chape liquide<\/li>\n<\/ul>\n<p>[\/vc_column_text][\/vc_column][\/vc_row]<\/p>\n","protected":false},"excerpt":{"rendered":"<p>[vc_row][vc_column width=\u00a0\u00bb1\/4&Prime;][vc_single_image image=\u00a0\u00bb1948&Prime; img_size=\u00a0\u00bbfull\u00a0\u00bb alignment=\u00a0\u00bbcenter\u00a0\u00bb][vc_single_image image=\u00a0\u00bb1937&Prime; img_size=\u00a0\u00bblarge\u00a0\u00bb alignment=\u00a0\u00bbcenter\u00a0\u00bb][\/vc_column][vc_column width=\u00a0\u00bb1\/2&Prime;][vc_single_image image=\u00a0\u00bb1943&Prime; img_size=\u00a0\u00bbfull\u00a0\u00bb][\/vc_column][vc_column width=\u00a0\u00bb1\/4&Prime;][vc_single_image image=\u00a0\u00bb1938&Prime; img_size=\u00a0\u00bblarge\u00a0\u00bb alignment=\u00a0\u00bbcenter\u00a0\u00bb][vc_single_image image=\u00a0\u00bb1939&Prime; img_size=\u00a0\u00bblarge\u00a0\u00bb alignment=\u00a0\u00bbcenter\u00a0\u00bb][\/vc_column][\/vc_row][vc_row][vc_column width=\u00a0\u00bb1\/2&Prime;][vc_column_text] Nos produits B\u00e9ton tous dosages B\u00e9ton toute quantit\u00e9 et toute r\u00e9sistance B\u00e9ton color\u00e9 B\u00e9ton autopla\u00e7ant B\u00e9ton d\u00e9sactiv\u00e9 en diff\u00e9rentes granulom\u00e9tries : -0\/4 -4\/8 -8\/16 Chape liquide Grave ciment de 3% \u00e0 7% [\/vc_column_text][\/vc_column][vc_column width=\u00a0\u00bb1\/2&Prime;][vc_column_text] Nos engagements [&hellip;]<\/p>\n","protected":false},"author":1,"featured_media":0,"parent":0,"menu_order":0,"comment_status":"closed","ping_status":"closed","template":"","meta":{"footnotes":""},"class_list":["post-1856","page","type-page","status-publish","hentry","odd"],"_links":{"self":[{"href":"https:\/\/lamarnaise-moretti.fr\/index.php?rest_route=\/wp\/v2\/pages\/1856","targetHints":{"allow":["GET"]}}],"collection":[{"href":"https:\/\/lamarnaise-moretti.fr\/index.php?rest_route=\/wp\/v2\/pages"}],"about":[{"href":"https:\/\/lamarnaise-moretti.fr\/index.php?rest_route=\/wp\/v2\/types\/page"}],"author":[{"embeddable":true,"href":"https:\/\/lamarnaise-moretti.fr\/index.php?rest_route=\/wp\/v2\/users\/1"}],"replies":[{"embeddable":true,"href":"https:\/\/lamarnaise-moretti.fr\/index.php?rest_route=%2Fwp%2Fv2%2Fcomments&post=1856"}],"version-history":[{"count":15,"href":"https:\/\/lamarnaise-moretti.fr\/index.php?rest_route=\/wp\/v2\/pages\/1856\/revisions"}],"predecessor-version":[{"id":2098,"href":"https:\/\/lamarnaise-moretti.fr\/index.php?rest_route=\/wp\/v2\/pages\/1856\/revisions\/2098"}],"wp:attachment":[{"href":"https:\/\/lamarnaise-moretti.fr\/index.php?rest_route=%2Fwp%2Fv2%2Fmedia&parent=1856"}],"curies":[{"name":"wp","href":"https:\/\/api.w.org\/{rel}","templated":true}]}}